{"id":29498,"date":"2024-08-13T12:56:32","date_gmt":"2024-08-13T10:56:32","guid":{"rendered":"https:\/\/chronotaxi.graphice.top\/ein-angebot-einholen\/"},"modified":"2025-02-10T21:53:49","modified_gmt":"2025-02-10T20:53:49","slug":"angebot-erhalten","status":"publish","type":"page","link":"https:\/\/chronotaxi.ch\/de\/angebot-erhalten\/","title":{"rendered":"Ein Angebot einholen"},"content":{"rendered":"\t\t<div data-elementor-type=\"wp-page\" data-elementor-id=\"29498\" class=\"elementor elementor-29498 elementor-28952\" data-elementor-post-type=\"page\">\n\t\t\t\t\t\t<section class=\"elementor-section elementor-top-section elementor-element elementor-element-c77f70a elementor-section-full_width elementor-section-height-default elementor-section-height-default\" data-id=\"c77f70a\" data-element_type=\"section\" data-e-type=\"section\" data-settings=\"{&quot;background_background&quot;:&quot;classic&quot;,&quot;shape_divider_bottom&quot;:&quot;waves&quot;}\">\n\t\t\t\t\t<div class=\"elementor-shape elementor-shape-bottom\" aria-hidden=\"true\" data-negative=\"false\">\n\t\t\t<svg xmlns=\"http:\/\/www.w3.org\/2000\/svg\" viewBox=\"0 0 1000 100\" preserveAspectRatio=\"none\">\n\t<path class=\"elementor-shape-fill\" d=\"M421.9,6.5c22.6-2.5,51.5,0.4,75.5,5.3c23.6,4.9,70.9,23.5,100.5,35.7c75.8,32.2,133.7,44.5,192.6,49.7\n\tc23.6,2.1,48.7,3.5,103.4-2.5c54.7-6,106.2-25.6,106.2-25.6V0H0v30.3c0,0,72,32.6,158.4,30.5c39.2-0.7,92.8-6.7,134-22.4\n\tc21.2-8.1,52.2-18.2,79.7-24.2C399.3,7.9,411.6,7.5,421.9,6.5z\"\/>\n<\/svg>\t\t<\/div>\n\t\t\t\t\t<div class=\"elementor-container elementor-column-gap-default\">\n\t\t\t\t\t<div class=\"elementor-column elementor-col-100 elementor-top-column elementor-element elementor-element-7453779\" data-id=\"7453779\" data-element_type=\"column\" data-e-type=\"column\">\n\t\t\t<div class=\"elementor-widget-wrap elementor-element-populated\">\n\t\t\t\t\t\t<div class=\"elementor-element elementor-element-da8a0c3 elementor--h-position-center elementor--v-position-middle elementor-arrows-position-inside elementor-widget elementor-widget-slides\" data-id=\"da8a0c3\" data-element_type=\"widget\" data-e-type=\"widget\" data-settings=\"{&quot;navigation&quot;:&quot;arrows&quot;,&quot;autoplay&quot;:&quot;yes&quot;,&quot;pause_on_hover&quot;:&quot;yes&quot;,&quot;pause_on_interaction&quot;:&quot;yes&quot;,&quot;autoplay_speed&quot;:5000,&quot;infinite&quot;:&quot;yes&quot;,&quot;transition&quot;:&quot;slide&quot;,&quot;transition_speed&quot;:500}\" data-widget_type=\"slides.default\">\n\t\t\t\t<div class=\"elementor-widget-container\">\n\t\t\t\t\t\t\t\t\t<div class=\"elementor-swiper\">\n\t\t\t\t\t<div class=\"elementor-slides-wrapper elementor-main-swiper swiper\" role=\"region\" aria-roledescription=\"carousel\" aria-label=\"Diapositives\" dir=\"ltr\" data-animation=\"fadeInUp\">\n\t\t\t\t<div class=\"swiper-wrapper elementor-slides\">\n\t\t\t\t\t\t\t\t\t\t<div class=\"elementor-repeater-item-5311f49 swiper-slide\" role=\"group\" aria-roledescription=\"slide\"><div class=\"swiper-slide-bg\" role=\"img\" aria-label=\"Taxi en attente de client \u00e0 la gare de la Chsux-de-Fonds\"><\/div><div class=\"swiper-slide-inner\" ><div class=\"swiper-slide-contents\"><div class=\"elementor-slide-heading\">Ein Angebot einholen<\/div><\/div><\/div><\/div><div class=\"elementor-repeater-item-b9971bc swiper-slide\" role=\"group\" aria-roledescription=\"slide\"><div class=\"swiper-slide-bg\" role=\"img\" aria-label=\"taxi_chaux_de_fonds\"><\/div><a class=\"swiper-slide-inner\" href=\"https:\/\/chronotaxi.ch\/de\/tarif\/\"><div class=\"swiper-slide-contents\"><div class=\"elementor-slide-heading\">Flughafentransfer Genf<\/div><div  class=\"elementor-button elementor-slide-button elementor-size-sm\">Siehe Preisliste<\/div><\/div><\/a><\/div><div class=\"elementor-repeater-item-0f44950 swiper-slide\" role=\"group\" aria-roledescription=\"slide\"><div class=\"swiper-slide-bg\" role=\"img\" aria-label=\"Voyagez sans attendre\"><\/div><a class=\"swiper-slide-inner\" href=\"tel:+41800556765\"><div class=\"swiper-slide-contents\"><div class=\"elementor-slide-heading\">Transfer von und zu allen Bahnh\u00f6fen<\/div><div  class=\"elementor-button elementor-slide-button elementor-size-sm\">0800 556 765<\/div><\/div><\/a><\/div>\t\t\t\t<\/div>\n\t\t\t\t\t\t\t\t\t\t\t\t\t\t\t<div class=\"elementor-swiper-button elementor-swiper-button-prev\" role=\"button\" tabindex=\"0\" aria-label=\"Vorheriger Slide\">\n\t\t\t\t\t\t\t<i aria-hidden=\"true\" class=\"eicon-chevron-left\"><\/i>\t\t\t\t\t\t<\/div>\n\t\t\t\t\t\t<div class=\"elementor-swiper-button elementor-swiper-button-next\" role=\"button\" tabindex=\"0\" aria-label=\"N\u00e4chster Slide\">\n\t\t\t\t\t\t\t<i aria-hidden=\"true\" class=\"eicon-chevron-right\"><\/i>\t\t\t\t\t\t<\/div>\n\t\t\t\t\t\t\t\t\t\t\t\t\t\t\t\t\t<\/div>\n\t\t\t\t<\/div>\n\t\t\t\t\t\t\t\t<\/div>\n\t\t\t\t<\/div>\n\t\t\t\t\t<\/div>\n\t\t<\/div>\n\t\t\t\t\t<\/div>\n\t\t<\/section>\n\t\t\t\t<section class=\"elementor-section elementor-top-section elementor-element elementor-element-1509669 elementor-section-boxed elementor-section-height-default elementor-section-height-default\" data-id=\"1509669\" data-element_type=\"section\" data-e-type=\"section\">\n\t\t\t\t\t\t<div class=\"elementor-container elementor-column-gap-default\">\n\t\t\t\t\t<div class=\"elementor-column elementor-col-100 elementor-top-column elementor-element elementor-element-78ae0e8\" data-id=\"78ae0e8\" data-element_type=\"column\" data-e-type=\"column\">\n\t\t\t<div class=\"elementor-widget-wrap elementor-element-populated\">\n\t\t\t\t\t\t<div class=\"elementor-element elementor-element-be9323a elementor-widget elementor-widget-heading\" data-id=\"be9323a\" data-element_type=\"widget\" data-e-type=\"widget\" data-widget_type=\"heading.default\">\n\t\t\t\t<div class=\"elementor-widget-container\">\n\t\t\t\t\t<h2 class=\"elementor-heading-title elementor-size-default\">Taxi La Chaux-de-Fonds<\/h2>\t\t\t\t<\/div>\n\t\t\t\t<\/div>\n\t\t\t\t<div class=\"elementor-element elementor-element-44d0f95 elementor-widget elementor-widget-text-editor\" data-id=\"44d0f95\" data-element_type=\"widget\" data-e-type=\"widget\" data-widget_type=\"text-editor.default\">\n\t\t\t\t<div class=\"elementor-widget-container\">\n\t\t\t\t\t\t\t\t\t<p>Holen Sie ein Angebot \u00fcber unser Formular, per Telefon oder <a href=\"https:\/\/api.whatsapp.com\/send?phone=%2B41767008670\" target=\"_blank\" rel=\"noopener\">WhatsApp<\/a> ein.<\/p>\n\t\t\t\t\t\t\t\t<\/div>\n\t\t\t\t<\/div>\n\t\t\t\t\t<\/div>\n\t\t<\/div>\n\t\t\t\t\t<\/div>\n\t\t<\/section>\n\t\t\t\t<section class=\"elementor-section elementor-top-section elementor-element elementor-element-46dd293 elementor-section-boxed elementor-section-height-default elementor-section-height-default\" data-id=\"46dd293\" data-element_type=\"section\" data-e-type=\"section\" data-settings=\"{&quot;background_background&quot;:&quot;classic&quot;}\">\n\t\t\t\t\t\t<div class=\"elementor-container elementor-column-gap-default\">\n\t\t\t\t\t<div class=\"elementor-column elementor-col-16 elementor-top-column elementor-element elementor-element-58789d2\" data-id=\"58789d2\" data-element_type=\"column\" data-e-type=\"column\">\n\t\t\t<div class=\"elementor-widget-wrap\">\n\t\t\t\t\t\t\t<\/div>\n\t\t<\/div>\n\t\t\t\t<div class=\"elementor-column elementor-col-66 elementor-top-column elementor-element elementor-element-b50ec49\" data-id=\"b50ec49\" data-element_type=\"column\" data-e-type=\"column\">\n\t\t\t<div class=\"elementor-widget-wrap elementor-element-populated\">\n\t\t\t\t\t\t<div class=\"elementor-element elementor-element-1b09000 elementor-button-align-center elementor-widget elementor-widget-form\" data-id=\"1b09000\" data-element_type=\"widget\" data-e-type=\"widget\" data-settings=\"{&quot;step_next_label&quot;:&quot;Weiter zu&quot;,&quot;step_previous_label&quot;:&quot;Vorherige&quot;,&quot;button_width&quot;:&quot;100&quot;,&quot;step_type&quot;:&quot;number_text&quot;,&quot;step_icon_shape&quot;:&quot;circle&quot;}\" data-widget_type=\"form.default\">\n\t\t\t\t<div class=\"elementor-widget-container\">\n\t\t\t\t\t\t\t<form class=\"elementor-form\" method=\"post\" name=\"Kostenvoranschlag\" aria-label=\"Kostenvoranschlag\">\n\t\t\t<input type=\"hidden\" name=\"post_id\" value=\"29498\"\/>\n\t\t\t<input type=\"hidden\" name=\"form_id\" value=\"1b09000\"\/>\n\t\t\t<input type=\"hidden\" name=\"referer_title\" value=\"Chrono Taxi\" \/>\n\n\t\t\t\n\t\t\t<div class=\"elementor-form-fields-wrapper elementor-labels-\">\n\t\t\t\t\t\t\t\t<div class=\"elementor-field-type-text elementor-field-group elementor-column elementor-field-group-field_187df86 elementor-col-100\">\n\t\t\t\t\t\t\t\t\t\t\t\t<label for=\"form-field-field_187df86\" class=\"elementor-field-label elementor-screen-only\">\n\t\t\t\t\t\t\t\tVorname\t\t\t\t\t\t\t<\/label>\n\t\t\t\t\t\t\t\t\t\t\t\t\t\t<input size=\"1\" type=\"text\" name=\"form_fields[field_187df86]\" id=\"form-field-field_187df86\" class=\"elementor-field elementor-size-md  elementor-field-textual\" placeholder=\"Vorname\">\n\t\t\t\t\t\t\t\t\t\t\t<\/div>\n\t\t\t\t\t\t\t\t<div class=\"elementor-field-type-text elementor-field-group elementor-column elementor-field-group-field_c625072 elementor-col-100\">\n\t\t\t\t\t\t\t\t\t\t\t\t<label for=\"form-field-field_c625072\" class=\"elementor-field-label elementor-screen-only\">\n\t\t\t\t\t\t\t\tName\t\t\t\t\t\t\t<\/label>\n\t\t\t\t\t\t\t\t\t\t\t\t\t\t<input size=\"1\" type=\"text\" name=\"form_fields[field_c625072]\" id=\"form-field-field_c625072\" class=\"elementor-field elementor-size-md  elementor-field-textual\" placeholder=\"Name\">\n\t\t\t\t\t\t\t\t\t\t\t<\/div>\n\t\t\t\t\t\t\t\t<div class=\"elementor-field-type-email elementor-field-group elementor-column elementor-field-group-email elementor-col-100 elementor-field-required\">\n\t\t\t\t\t\t\t\t\t\t\t\t<label for=\"form-field-email\" class=\"elementor-field-label elementor-screen-only\">\n\t\t\t\t\t\t\t\tE-Mail\t\t\t\t\t\t\t<\/label>\n\t\t\t\t\t\t\t\t\t\t\t\t\t\t<input size=\"1\" type=\"email\" name=\"form_fields[email]\" id=\"form-field-email\" class=\"elementor-field elementor-size-md  elementor-field-textual\" placeholder=\"E-Mail\" required=\"required\">\n\t\t\t\t\t\t\t\t\t\t\t<\/div>\n\t\t\t\t\t\t\t\t<div class=\"elementor-field-type-text elementor-field-group elementor-column elementor-field-group-name elementor-col-100 elementor-field-required\">\n\t\t\t\t\t\t\t\t\t\t\t\t<label for=\"form-field-name\" class=\"elementor-field-label elementor-screen-only\">\n\t\t\t\t\t\t\t\tTelefon\t\t\t\t\t\t\t<\/label>\n\t\t\t\t\t\t\t\t\t\t\t\t\t\t<input size=\"1\" type=\"text\" name=\"form_fields[name]\" id=\"form-field-name\" class=\"elementor-field elementor-size-md  elementor-field-textual\" placeholder=\"Telefon\" required=\"required\">\n\t\t\t\t\t\t\t\t\t\t\t<\/div>\n\t\t\t\t\t\t\t\t<div class=\"elementor-field-type-text elementor-field-group elementor-column elementor-field-group-field_9dcb6ca elementor-col-100 elementor-field-required\">\n\t\t\t\t\t\t\t\t\t\t\t\t<label for=\"form-field-field_9dcb6ca\" class=\"elementor-field-label elementor-screen-only\">\n\t\t\t\t\t\t\t\tAdresse der Abreise\t\t\t\t\t\t\t<\/label>\n\t\t\t\t\t\t\t\t\t\t\t\t\t\t<input size=\"1\" type=\"text\" name=\"form_fields[field_9dcb6ca]\" id=\"form-field-field_9dcb6ca\" class=\"elementor-field elementor-size-md  elementor-field-textual\" placeholder=\"Adresse der Abreise\" required=\"required\">\n\t\t\t\t\t\t\t\t\t\t\t<\/div>\n\t\t\t\t\t\t\t\t<div class=\"elementor-field-type-text elementor-field-group elementor-column elementor-field-group-field_5fc8b11 elementor-col-100 elementor-field-required\">\n\t\t\t\t\t\t\t\t\t\t\t\t<label for=\"form-field-field_5fc8b11\" class=\"elementor-field-label elementor-screen-only\">\n\t\t\t\t\t\t\t\tAnkunftsadresse\t\t\t\t\t\t\t<\/label>\n\t\t\t\t\t\t\t\t\t\t\t\t\t\t<input size=\"1\" type=\"text\" name=\"form_fields[field_5fc8b11]\" id=\"form-field-field_5fc8b11\" class=\"elementor-field elementor-size-md  elementor-field-textual\" placeholder=\"Ankunftsadresse\" required=\"required\">\n\t\t\t\t\t\t\t\t\t\t\t<\/div>\n\t\t\t\t\t\t\t\t<div class=\"elementor-field-type-date elementor-field-group elementor-column elementor-field-group-field_2df571d elementor-col-100 elementor-field-required\">\n\t\t\t\t\t\t\t\t\t\t\t\t<label for=\"form-field-field_2df571d\" class=\"elementor-field-label elementor-screen-only\">\n\t\t\t\t\t\t\t\tDatum\t\t\t\t\t\t\t<\/label>\n\t\t\t\t\t\t\n\t\t<input type=\"date\" name=\"form_fields[field_2df571d]\" id=\"form-field-field_2df571d\" class=\"elementor-field elementor-size-md  elementor-field-textual elementor-date-field\" placeholder=\"Datum\" required=\"required\" pattern=\"[0-9]{4}-[0-9]{2}-[0-9]{2}\">\n\t\t\t\t\t\t<\/div>\n\t\t\t\t\t\t\t\t<div class=\"elementor-field-type-time elementor-field-group elementor-column elementor-field-group-field_992ce7d elementor-col-100 elementor-field-required\">\n\t\t\t\t\t\t\t\t\t\t\t\t<label for=\"form-field-field_992ce7d\" class=\"elementor-field-label elementor-screen-only\">\n\t\t\t\t\t\t\t\tUhrzeit der Abreise\t\t\t\t\t\t\t<\/label>\n\t\t\t\t\t\t\t\t<input type=\"time\" name=\"form_fields[field_992ce7d]\" id=\"form-field-field_992ce7d\" class=\"elementor-field elementor-size-md  elementor-field-textual elementor-time-field\" placeholder=\"Uhrzeit der Abreise\" required=\"required\">\n\t\t\t\t\t\t<\/div>\n\t\t\t\t\t\t\t\t<div class=\"elementor-field-type-textarea elementor-field-group elementor-column elementor-field-group-message elementor-col-100 elementor-field-required\">\n\t\t\t\t\t\t\t\t\t\t\t\t<label for=\"form-field-message\" class=\"elementor-field-label elementor-screen-only\">\n\t\t\t\t\t\t\t\tNachricht | Details | Fragen\t\t\t\t\t\t\t<\/label>\n\t\t\t\t\t\t<textarea class=\"elementor-field-textual elementor-field  elementor-size-md\" name=\"form_fields[message]\" id=\"form-field-message\" rows=\"4\" placeholder=\"Nachricht | Details | Fragen\" required=\"required\"><\/textarea>\t\t\t\t<\/div>\n\t\t\t\t\t\t\t\t<div class=\"elementor-field-group elementor-column elementor-field-type-submit elementor-col-100 e-form__buttons\">\n\t\t\t\t\t<button class=\"elementor-button elementor-size-sm\" type=\"submit\">\n\t\t\t\t\t\t<span class=\"elementor-button-content-wrapper\">\n\t\t\t\t\t\t\t\t\t\t\t\t\t\t\t\t\t\t\t\t\t\t<span class=\"elementor-button-text\">Senden Sie<\/span>\n\t\t\t\t\t\t\t\t\t\t\t\t\t<\/span>\n\t\t\t\t\t<\/button>\n\t\t\t\t<\/div>\n\t\t\t<\/div>\n\t\t<\/form>\n\t\t\t\t\t\t<\/div>\n\t\t\t\t<\/div>\n\t\t\t\t\t<\/div>\n\t\t<\/div>\n\t\t\t\t<div class=\"elementor-column elementor-col-16 elementor-top-column elementor-element elementor-element-b4a763c\" data-id=\"b4a763c\" data-element_type=\"column\" data-e-type=\"column\">\n\t\t\t<div class=\"elementor-widget-wrap\">\n\t\t\t\t\t\t\t<\/div>\n\t\t<\/div>\n\t\t\t\t\t<\/div>\n\t\t<\/section>\n\t\t\t\t<\/div>\n\t\t","protected":false},"excerpt":{"rendered":"<p>Ein Angebot einholenFlughafentransfer GenfSiehe PreislisteTransfer von und zu allen Bahnh\u00f6fen0800 556 765 Taxi La Chaux-de-Fonds Holen Sie ein Angebot \u00fcber unser Formular, per Telefon oder WhatsApp ein.<\/p>\n","protected":false},"author":1,"featured_media":0,"parent":0,"menu_order":0,"comment_status":"closed","ping_status":"closed","template":"","meta":{"footnotes":""},"class_list":["post-29498","page","type-page","status-publish","hentry"],"yoast_head":"<!-- This site is optimized with the Yoast SEO Premium plugin v25.5 (Yoast SEO v27.3) - https:\/\/yoast.com\/product\/yoast-seo-premium-wordpress\/ -->\n<title>Ein Angebot einholen - Chrono Taxi<\/title>\n<meta name=\"description\" content=\"Holen Sie sich ein Angebot f\u00fcr Ihre Taxitransfers in La Chaux-de-Fonds. Buchen Sie ganz einfach Ihre Fahrt vom und zum Flughafen Genf oder zu allen Bahnh\u00f6fen.\" \/>\n<meta name=\"robots\" content=\"index, follow, max-snippet:-1, max-image-preview:large, max-video-preview:-1\" \/>\n<link rel=\"canonical\" href=\"https:\/\/chronotaxi.ch\/de\/angebot-erhalten\/\" \/>\n<meta property=\"og:locale\" content=\"de_DE\" \/>\n<meta property=\"og:type\" content=\"article\" \/>\n<meta property=\"og:title\" content=\"Ein Angebot einholen\" \/>\n<meta property=\"og:description\" content=\"Holen Sie sich ein Angebot f\u00fcr Ihre Taxitransfers in La Chaux-de-Fonds. Buchen Sie ganz einfach Ihre Fahrt vom und zum Flughafen Genf oder zu allen Bahnh\u00f6fen.\" \/>\n<meta property=\"og:url\" content=\"https:\/\/chronotaxi.ch\/de\/angebot-erhalten\/\" \/>\n<meta property=\"og:site_name\" content=\"Chrono Taxi\" \/>\n<meta property=\"article:publisher\" content=\"https:\/\/www.facebook.com\/profile.php?id=100094606544952\" \/>\n<meta property=\"article:modified_time\" content=\"2025-02-10T20:53:49+00:00\" \/>\n<meta name=\"twitter:card\" content=\"summary_large_image\" \/>\n<meta name=\"twitter:site\" content=\"@ChronoTaxi\" \/>\n<meta name=\"twitter:label1\" content=\"Gesch\u00e4tzte Lesezeit\" \/>\n\t<meta name=\"twitter:data1\" content=\"1\u00a0Minute\" \/>\n<script type=\"application\/ld+json\" class=\"yoast-schema-graph\">{\"@context\":\"https:\\\/\\\/schema.org\",\"@graph\":[{\"@type\":\"WebPage\",\"@id\":\"https:\\\/\\\/chronotaxi.ch\\\/de\\\/angebot-erhalten\\\/\",\"url\":\"https:\\\/\\\/chronotaxi.ch\\\/de\\\/angebot-erhalten\\\/\",\"name\":\"Ein Angebot einholen - Chrono Taxi\",\"isPartOf\":{\"@id\":\"https:\\\/\\\/chronotaxi.ch\\\/de\\\/#website\"},\"datePublished\":\"2024-08-13T10:56:32+00:00\",\"dateModified\":\"2025-02-10T20:53:49+00:00\",\"description\":\"Holen Sie sich ein Angebot f\u00fcr Ihre Taxitransfers in La Chaux-de-Fonds. Buchen Sie ganz einfach Ihre Fahrt vom und zum Flughafen Genf oder zu allen Bahnh\u00f6fen.\",\"breadcrumb\":{\"@id\":\"https:\\\/\\\/chronotaxi.ch\\\/de\\\/angebot-erhalten\\\/#breadcrumb\"},\"inLanguage\":\"de\",\"potentialAction\":[{\"@type\":\"ReadAction\",\"target\":[\"https:\\\/\\\/chronotaxi.ch\\\/de\\\/angebot-erhalten\\\/\"]}]},{\"@type\":\"BreadcrumbList\",\"@id\":\"https:\\\/\\\/chronotaxi.ch\\\/de\\\/angebot-erhalten\\\/#breadcrumb\",\"itemListElement\":[{\"@type\":\"ListItem\",\"position\":1,\"name\":\"Accueil\",\"item\":\"https:\\\/\\\/chronotaxi.ch\\\/de\\\/startseite\\\/\"},{\"@type\":\"ListItem\",\"position\":2,\"name\":\"Ein Angebot einholen\"}]},{\"@type\":\"WebSite\",\"@id\":\"https:\\\/\\\/chronotaxi.ch\\\/de\\\/#website\",\"url\":\"https:\\\/\\\/chronotaxi.ch\\\/de\\\/\",\"name\":\"Chrono Taxi\",\"description\":\"Chrono Taxi \u2013 Voyagez sans attendre \u2013 La Chaux-de-Fonds\",\"publisher\":{\"@id\":\"https:\\\/\\\/chronotaxi.ch\\\/de\\\/#organization\"},\"alternateName\":\"Chronotaxi\",\"potentialAction\":[{\"@type\":\"SearchAction\",\"target\":{\"@type\":\"EntryPoint\",\"urlTemplate\":\"https:\\\/\\\/chronotaxi.ch\\\/de\\\/?s={search_term_string}\"},\"query-input\":{\"@type\":\"PropertyValueSpecification\",\"valueRequired\":true,\"valueName\":\"search_term_string\"}}],\"inLanguage\":\"de\"},{\"@type\":[\"Organization\",\"Place\",\"TaxiStand\"],\"@id\":\"https:\\\/\\\/chronotaxi.ch\\\/de\\\/#organization\",\"name\":\"Chrono Taxi S\u00e0rl\",\"alternateName\":\"Chronotaxi\",\"url\":\"https:\\\/\\\/chronotaxi.ch\\\/de\\\/\",\"logo\":{\"@id\":\"https:\\\/\\\/chronotaxi.ch\\\/de\\\/angebot-erhalten\\\/#local-main-organization-logo\"},\"image\":{\"@id\":\"https:\\\/\\\/chronotaxi.ch\\\/de\\\/angebot-erhalten\\\/#local-main-organization-logo\"},\"sameAs\":[\"https:\\\/\\\/www.facebook.com\\\/profile.php?id=100094606544952\",\"https:\\\/\\\/x.com\\\/ChronoTaxi\",\"https:\\\/\\\/www.instagram.com\\\/chrono.taxi\",\"https:\\\/\\\/www.tiktok.com\\\/@chronotaxi\",\"https:\\\/\\\/www.linkedin.com\\\/in\\\/chrono-taxi-30180b2b6\\\/\"],\"description\":\"CHRONO TAXI est une entreprise de transport de personnes bas\u00e9e \u00e0 La Chaux-de-Fonds. Nous mettons un point d\u2019honneur \u00e0 offrir un service de qualit\u00e9, alliant rapidit\u00e9, fiabilit\u00e9 et confort. Nos chauffeurs professionnels sont s\u00e9lectionn\u00e9s pour leur s\u00e9rieux et leur parfaite connaissance de la r\u00e9gion.\",\"legalName\":\"Chrono Taxi S\u00e0rl\",\"numberOfEmployees\":{\"@type\":\"QuantitativeValue\",\"minValue\":\"1\",\"maxValue\":\"10\"},\"address\":{\"@id\":\"https:\\\/\\\/chronotaxi.ch\\\/de\\\/angebot-erhalten\\\/#local-main-place-address\"},\"geo\":{\"@type\":\"GeoCoordinates\",\"latitude\":\"47.0992233\",\"longitude\":\"6.8250971\"},\"telephone\":[\"CHE-161.605.115\"],\"contactPoint\":{\"@type\":\"ContactPoint\",\"telephone\":\"+41 32 968 19 19\"},\"openingHoursSpecification\":{\"@type\":\"OpeningHoursSpecification\",\"dayOfWeek\":[\"Monday\",\"Tuesday\",\"Wednesday\",\"Thursday\",\"Friday\",\"Saturday\",\"Sunday\"],\"opens\":\"00:00\",\"closes\":\"23:59\"},\"email\":\"contact@chronotaxi.ch\",\"areaServed\":\"La Chaux-de-Fonds\",\"vatID\":\"CHE-161.605.115\"},{\"@type\":\"PostalAddress\",\"@id\":\"https:\\\/\\\/chronotaxi.ch\\\/de\\\/angebot-erhalten\\\/#local-main-place-address\",\"streetAddress\":\"Place de la Gare\",\"addressLocality\":\"La Chaux-de-Fonds\",\"postalCode\":\"2300\",\"addressCountry\":\"CH\"},{\"@type\":\"ImageObject\",\"inLanguage\":\"de\",\"@id\":\"https:\\\/\\\/chronotaxi.ch\\\/de\\\/angebot-erhalten\\\/#local-main-organization-logo\",\"url\":\"https:\\\/\\\/chronotaxi.ch\\\/wp-content\\\/uploads\\\/2024\\\/08\\\/chrono-taxi-icon_v2c.png\",\"contentUrl\":\"https:\\\/\\\/chronotaxi.ch\\\/wp-content\\\/uploads\\\/2024\\\/08\\\/chrono-taxi-icon_v2c.png\",\"width\":500,\"height\":500,\"caption\":\"Chrono Taxi S\u00e0rl\"}]}<\/script>\n<meta name=\"geo.placename\" content=\"La Chaux-de-Fonds\" \/>\n<meta name=\"geo.position\" content=\"47.0992233;6.8250971\" \/>\n<meta name=\"geo.region\" content=\"Schweiz\" \/>\n<!-- \/ Yoast SEO Premium plugin. -->","yoast_head_json":{"title":"Ein Angebot einholen - Chrono Taxi","description":"Holen Sie sich ein Angebot f\u00fcr Ihre Taxitransfers in La Chaux-de-Fonds. Buchen Sie ganz einfach Ihre Fahrt vom und zum Flughafen Genf oder zu allen Bahnh\u00f6fen.","robots":{"index":"index","follow":"follow","max-snippet":"max-snippet:-1","max-image-preview":"max-image-preview:large","max-video-preview":"max-video-preview:-1"},"canonical":"https:\/\/chronotaxi.ch\/de\/angebot-erhalten\/","og_locale":"de_DE","og_type":"article","og_title":"Ein Angebot einholen","og_description":"Holen Sie sich ein Angebot f\u00fcr Ihre Taxitransfers in La Chaux-de-Fonds. Buchen Sie ganz einfach Ihre Fahrt vom und zum Flughafen Genf oder zu allen Bahnh\u00f6fen.","og_url":"https:\/\/chronotaxi.ch\/de\/angebot-erhalten\/","og_site_name":"Chrono Taxi","article_publisher":"https:\/\/www.facebook.com\/profile.php?id=100094606544952","article_modified_time":"2025-02-10T20:53:49+00:00","twitter_card":"summary_large_image","twitter_site":"@ChronoTaxi","twitter_misc":{"Gesch\u00e4tzte Lesezeit":"1\u00a0Minute"},"schema":{"@context":"https:\/\/schema.org","@graph":[{"@type":"WebPage","@id":"https:\/\/chronotaxi.ch\/de\/angebot-erhalten\/","url":"https:\/\/chronotaxi.ch\/de\/angebot-erhalten\/","name":"Ein Angebot einholen - Chrono Taxi","isPartOf":{"@id":"https:\/\/chronotaxi.ch\/de\/#website"},"datePublished":"2024-08-13T10:56:32+00:00","dateModified":"2025-02-10T20:53:49+00:00","description":"Holen Sie sich ein Angebot f\u00fcr Ihre Taxitransfers in La Chaux-de-Fonds. Buchen Sie ganz einfach Ihre Fahrt vom und zum Flughafen Genf oder zu allen Bahnh\u00f6fen.","breadcrumb":{"@id":"https:\/\/chronotaxi.ch\/de\/angebot-erhalten\/#breadcrumb"},"inLanguage":"de","potentialAction":[{"@type":"ReadAction","target":["https:\/\/chronotaxi.ch\/de\/angebot-erhalten\/"]}]},{"@type":"BreadcrumbList","@id":"https:\/\/chronotaxi.ch\/de\/angebot-erhalten\/#breadcrumb","itemListElement":[{"@type":"ListItem","position":1,"name":"Accueil","item":"https:\/\/chronotaxi.ch\/de\/startseite\/"},{"@type":"ListItem","position":2,"name":"Ein Angebot einholen"}]},{"@type":"WebSite","@id":"https:\/\/chronotaxi.ch\/de\/#website","url":"https:\/\/chronotaxi.ch\/de\/","name":"Chrono Taxi","description":"Chrono Taxi \u2013 Voyagez sans attendre \u2013 La Chaux-de-Fonds","publisher":{"@id":"https:\/\/chronotaxi.ch\/de\/#organization"},"alternateName":"Chronotaxi","potentialAction":[{"@type":"SearchAction","target":{"@type":"EntryPoint","urlTemplate":"https:\/\/chronotaxi.ch\/de\/?s={search_term_string}"},"query-input":{"@type":"PropertyValueSpecification","valueRequired":true,"valueName":"search_term_string"}}],"inLanguage":"de"},{"@type":["Organization","Place","TaxiStand"],"@id":"https:\/\/chronotaxi.ch\/de\/#organization","name":"Chrono Taxi S\u00e0rl","alternateName":"Chronotaxi","url":"https:\/\/chronotaxi.ch\/de\/","logo":{"@id":"https:\/\/chronotaxi.ch\/de\/angebot-erhalten\/#local-main-organization-logo"},"image":{"@id":"https:\/\/chronotaxi.ch\/de\/angebot-erhalten\/#local-main-organization-logo"},"sameAs":["https:\/\/www.facebook.com\/profile.php?id=100094606544952","https:\/\/x.com\/ChronoTaxi","https:\/\/www.instagram.com\/chrono.taxi","https:\/\/www.tiktok.com\/@chronotaxi","https:\/\/www.linkedin.com\/in\/chrono-taxi-30180b2b6\/"],"description":"CHRONO TAXI est une entreprise de transport de personnes bas\u00e9e \u00e0 La Chaux-de-Fonds. Nous mettons un point d\u2019honneur \u00e0 offrir un service de qualit\u00e9, alliant rapidit\u00e9, fiabilit\u00e9 et confort. Nos chauffeurs professionnels sont s\u00e9lectionn\u00e9s pour leur s\u00e9rieux et leur parfaite connaissance de la r\u00e9gion.","legalName":"Chrono Taxi S\u00e0rl","numberOfEmployees":{"@type":"QuantitativeValue","minValue":"1","maxValue":"10"},"address":{"@id":"https:\/\/chronotaxi.ch\/de\/angebot-erhalten\/#local-main-place-address"},"geo":{"@type":"GeoCoordinates","latitude":"47.0992233","longitude":"6.8250971"},"telephone":["CHE-161.605.115"],"contactPoint":{"@type":"ContactPoint","telephone":"+41 32 968 19 19"},"openingHoursSpecification":{"@type":"OpeningHoursSpecification","dayOfWeek":["Monday","Tuesday","Wednesday","Thursday","Friday","Saturday","Sunday"],"opens":"00:00","closes":"23:59"},"email":"contact@chronotaxi.ch","areaServed":"La Chaux-de-Fonds","vatID":"CHE-161.605.115"},{"@type":"PostalAddress","@id":"https:\/\/chronotaxi.ch\/de\/angebot-erhalten\/#local-main-place-address","streetAddress":"Place de la Gare","addressLocality":"La Chaux-de-Fonds","postalCode":"2300","addressCountry":"CH"},{"@type":"ImageObject","inLanguage":"de","@id":"https:\/\/chronotaxi.ch\/de\/angebot-erhalten\/#local-main-organization-logo","url":"https:\/\/chronotaxi.ch\/wp-content\/uploads\/2024\/08\/chrono-taxi-icon_v2c.png","contentUrl":"https:\/\/chronotaxi.ch\/wp-content\/uploads\/2024\/08\/chrono-taxi-icon_v2c.png","width":500,"height":500,"caption":"Chrono Taxi S\u00e0rl"}]},"geo.placename":"La Chaux-de-Fonds","geo.position":{"lat":"47.0992233","long":"6.8250971"},"geo.region":"Schweiz"},"_links":{"self":[{"href":"https:\/\/chronotaxi.ch\/de\/wp-json\/wp\/v2\/pages\/29498","targetHints":{"allow":["GET"]}}],"collection":[{"href":"https:\/\/chronotaxi.ch\/de\/wp-json\/wp\/v2\/pages"}],"about":[{"href":"https:\/\/chronotaxi.ch\/de\/wp-json\/wp\/v2\/types\/page"}],"author":[{"embeddable":true,"href":"https:\/\/chronotaxi.ch\/de\/wp-json\/wp\/v2\/users\/1"}],"replies":[{"embeddable":true,"href":"https:\/\/chronotaxi.ch\/de\/wp-json\/wp\/v2\/comments?post=29498"}],"version-history":[{"count":7,"href":"https:\/\/chronotaxi.ch\/de\/wp-json\/wp\/v2\/pages\/29498\/revisions"}],"predecessor-version":[{"id":30866,"href":"https:\/\/chronotaxi.ch\/de\/wp-json\/wp\/v2\/pages\/29498\/revisions\/30866"}],"wp:attachment":[{"href":"https:\/\/chronotaxi.ch\/de\/wp-json\/wp\/v2\/media?parent=29498"}],"curies":[{"name":"wp","href":"https:\/\/api.w.org\/{rel}","templated":true}]}}